{"id":63,"date":"2019-08-13T17:56:00","date_gmt":"2019-08-13T17:56:00","guid":{"rendered":"http:\/\/bar-zeltvermietung.ch\/wp\/?page_id=63"},"modified":"2024-03-23T19:38:11","modified_gmt":"2024-03-23T19:38:11","slug":"home","status":"publish","type":"page","link":"https:\/\/bar-zeltvermietung.ch\/wp\/","title":{"rendered":"Home"},"content":{"rendered":"\n<p><strong>Herzlich Willkommen bei Ihrem&nbsp; Zelt und Mietmobiliar Lieferanten<\/strong><\/p>\n\n\n\n<p>Egal ob Geburtstagsfeier, Firmenevent oder Hochzeit.<br>Unsere Zelte bieten Platz f\u00fcr 10-999 Personen.<br><br>Damit Sie und Ihre G\u00e4ste sich wohlf\u00fchlen bieten wir auf Wunsch auch den passenden Holzboden, Teppich und das gesamte Mobiliar an.<\/p>\n\n\n\n<p><font size=\"2\">In diesem Liefergebiet sind wir bevorzugt vertreten, weitere Ortschaften auf Anfrage:<br>Einsiedeln, Gross, Willerzell, Euthal, Ybrig, Trachslau, Alpthal,  Bennau, Biberbrugg, Rothenthurm, Sattel, \u00c4geri, Schindellegi, Etzel, Feusisberg, Pf\u00e4ffikon, Rapperswil, W\u00e4denswil, Richterswil, B\u00e4ch,  Freienbach, Wilen, Wollerau, Samstagern, Thalwil, Horgen, Oberrieden, H\u00fctten, Sch\u00f6nenberg, Hirzel <\/font><\/p>\n\n\n\n<figure class=\"wp-block-image size-large\"><img loading=\"lazy\" width=\"1024\" height=\"768\" src=\"https:\/\/bar-zeltvermietung.ch\/wp-content\/uploads\/2024\/03\/10m-Zelt-Hochzeit-1-1024x768.jpg\" alt=\"\" class=\"wp-image-245\" srcset=\"https:\/\/bar-zeltvermietung.ch\/wp-content\/uploads\/2024\/03\/10m-Zelt-Hochzeit-1-1024x768.jpg 1024w, https:\/\/bar-zeltvermietung.ch\/wp-content\/uploads\/2024\/03\/10m-Zelt-Hochzeit-1-300x225.jpg 300w, https:\/\/bar-zeltvermietung.ch\/wp-content\/uploads\/2024\/03\/10m-Zelt-Hochzeit-1-768x576.jpg 768w, https:\/\/bar-zeltvermietung.ch\/wp-content\/uploads\/2024\/03\/10m-Zelt-Hochzeit-1-1x1.jpg 1w, https:\/\/bar-zeltvermietung.ch\/wp-content\/uploads\/2024\/03\/10m-Zelt-Hochzeit-1.jpg 1280w\" sizes=\"(max-width: 1024px) 100vw, 1024px\" \/><\/figure>\n","protected":false},"excerpt":{"rendered":"<p>Herzlich Willkommen bei Ihrem&nbsp; Zelt und Mietmobiliar Lieferanten Egal ob Geburtstagsfeier, Firmenevent oder Hochzeit.Unsere Zelte bieten Platz f\u00fcr 10-999 Personen. Damit Sie und Ihre G\u00e4ste sich wohlf\u00fchlen bieten wir auf Wunsch auch den passenden Holzboden, Teppich und das gesamte Mobiliar an. In diesem Liefergebiet sind wir bevorzugt vertreten, weitere Ortschaften auf Anfrage:Einsiedeln, Gross, Willerzell, Euthal,&#8230;<\/p>\n","protected":false},"author":1,"featured_media":0,"parent":0,"menu_order":0,"comment_status":"closed","ping_status":"closed","template":"","meta":[],"_links":{"self":[{"href":"https:\/\/bar-zeltvermietung.ch\/wp\/wp-json\/wp\/v2\/pages\/63"}],"collection":[{"href":"https:\/\/bar-zeltvermietung.ch\/wp\/wp-json\/wp\/v2\/pages"}],"about":[{"href":"https:\/\/bar-zeltvermietung.ch\/wp\/wp-json\/wp\/v2\/types\/page"}],"author":[{"embeddable":true,"href":"https:\/\/bar-zeltvermietung.ch\/wp\/wp-json\/wp\/v2\/users\/1"}],"replies":[{"embeddable":true,"href":"https:\/\/bar-zeltvermietung.ch\/wp\/wp-json\/wp\/v2\/comments?post=63"}],"version-history":[{"count":7,"href":"https:\/\/bar-zeltvermietung.ch\/wp\/wp-json\/wp\/v2\/pages\/63\/revisions"}],"predecessor-version":[{"id":247,"href":"https:\/\/bar-zeltvermietung.ch\/wp\/wp-json\/wp\/v2\/pages\/63\/revisions\/247"}],"wp:attachment":[{"href":"https:\/\/bar-zeltvermietung.ch\/wp\/wp-json\/wp\/v2\/media?parent=63"}],"curies":[{"name":"wp","href":"https:\/\/api.w.org\/{rel}","templated":true}]}}